{"id":3391,"date":"2019-12-19T22:28:18","date_gmt":"2019-12-19T21:28:18","guid":{"rendered":"https:\/\/megagrawww.com\/?post_type=product&#038;p=3391"},"modified":"2025-10-16T12:05:30","modified_gmt":"2025-10-16T10:05:30","slug":"cheque-cadeau-100-euros","status":"publish","type":"product","link":"https:\/\/megagrawww.com\/index.php\/produit\/cheque-cadeau-100-euros\/","title":{"rendered":"Ch\u00e8que Cadeau &#8211; 100 euros"},"content":{"rendered":"<p>En panne d&#8217;inspiration ou peur de faire le mauvais choix, le ch\u00e8que cadeau est l\u00e0 !<\/p>\n<p>Un ch\u00e8que cadeau d&#8217;un montant de 100 \u20ac \u00e0 d\u00e9penser sur le site.<br \/>\nIl est valable un an et peut \u00eatre d\u00e9pens\u00e9 en plusieurs fois.<\/p>\n<p>Une fois la commande trait\u00e9e, vous recevrez un mail contenant un\u00a0 le ch\u00e8que pr\u00eat \u00e0 \u00eatre imprim\u00e9.<\/p>\n<p>Pour l&#8217;utiliser la personne n&#8217;aura qu&#8217;\u00e0 entrer le code secret dans l&#8217;onglet code promo au moment de r\u00e9gler sa commande.<\/p>\n<p>Id\u00e9al pour faire plaisir sans se tromper, il existe aussi pour des montants de 20\u20ac, 25\u20ac, 30\u20ac, 50\u20ac, 80\u20ac, 120\u20ac, 150\u20ac, 180\u20ac et 200\u20ac.<\/p>\n<p>&nbsp;<\/p>\n","protected":false},"excerpt":{"rendered":"<p>En panne d&#8217;inspiration ou peur de faire le mauvais choix, le ch\u00e8que cadeau est l\u00e0 ! Un ch\u00e8que cadeau d&#8217;un montant de 100 \u20ac \u00e0 d\u00e9penser sur le site. Il est valable un an et peut \u00eatre d\u00e9pens\u00e9 en plusieurs fois. Une fois la commande trait\u00e9e, vous recevrez un mail contenant un\u00a0 le ch\u00e8que pr\u00eat<\/p><\/div>\n<div class=\"blog-btn\"><a href=\"https:\/\/megagrawww.com\/index.php\/produit\/cheque-cadeau-100-euros\/\" class=\"home-blog-btn\">Lire la suite<\/a><\/p>\n","protected":false},"featured_media":3383,"template":"","meta":{"_exactmetrics_skip_tracking":false,"_exactmetrics_sitenote_active":false,"_exactmetrics_sitenote_note":"","_exactmetrics_sitenote_category":0},"product_brand":[],"product_cat":[198],"product_tag":[],"class_list":{"0":"post-3391","1":"product","2":"type-product","3":"status-publish","4":"has-post-thumbnail","6":"product_cat-modele","8":"first","9":"instock","10":"downloadable","11":"virtual","12":"taxable","13":"purchasable","14":"product-type-simple"},"yoast_head":"<!-- This site is optimized with the Yoast SEO plugin v15.7 - https:\/\/yoast.com\/wordpress\/plugins\/seo\/ -->\n<title>Ch\u00e8que Cadeau - 100 euros &ndash; MEGAGRAWWW<\/title>\n<meta name=\"robots\" content=\"index, follow, max-snippet:-1, max-image-preview:large, max-video-preview:-1\" \/>\n<link rel=\"canonical\" href=\"https:\/\/megagrawww.com\/index.php\/produit\/cheque-cadeau-100-euros\/\" \/>\n<meta property=\"og:locale\" content=\"fr_FR\" \/>\n<meta property=\"og:type\" content=\"article\" \/>\n<meta property=\"og:title\" content=\"Ch\u00e8que Cadeau - 100 euros &ndash; MEGAGRAWWW\" \/>\n<meta property=\"og:description\" content=\"En panne d&#8217;inspiration ou peur de faire le mauvais choix, le ch\u00e8que cadeau est l\u00e0 ! Un ch\u00e8que cadeau d&#8217;un montant de 100 \u20ac \u00e0 d\u00e9penser sur le site. Il est valable un an et peut \u00eatre d\u00e9pens\u00e9 en plusieurs fois. Une fois la commande trait\u00e9e, vous recevrez un mail contenant un\u00a0 le ch\u00e8que pr\u00eatLire la suite\" \/>\n<meta property=\"og:url\" content=\"https:\/\/megagrawww.com\/index.php\/produit\/cheque-cadeau-100-euros\/\" \/>\n<meta property=\"og:site_name\" content=\"MEGAGRAWWW\" \/>\n<meta property=\"article:modified_time\" content=\"2025-10-16T10:05:30+00:00\" \/>\n<meta property=\"og:image\" content=\"https:\/\/megagrawww.com\/wp-content\/uploads\/2019\/12\/1cheque.png\" \/>\n\t<meta property=\"og:image:width\" content=\"1800\" \/>\n\t<meta property=\"og:image:height\" content=\"1200\" \/>\n<meta name=\"twitter:card\" content=\"summary_large_image\" \/>\n<script type=\"application\/ld+json\" class=\"yoast-schema-graph\">{\"@context\":\"https:\/\/schema.org\",\"@graph\":[{\"@type\":[\"Person\",\"Organization\"],\"@id\":\"https:\/\/megagrawww.com\/#\/schema\/person\/0278d8a82bfbea6605a2b97d8603bf52\",\"name\":\"Audrey Masson\",\"image\":{\"@type\":\"ImageObject\",\"@id\":\"https:\/\/megagrawww.com\/#personlogo\",\"inLanguage\":\"fr-FR\",\"url\":\"https:\/\/secure.gravatar.com\/avatar\/927b85c0b45b84bb4d4f7b1b2f1afa94d0e9c29cc34c955a6784753d35cb8135?s=96&d=mm&r=g\",\"caption\":\"Audrey Masson\"},\"logo\":{\"@id\":\"https:\/\/megagrawww.com\/#personlogo\"}},{\"@type\":\"WebSite\",\"@id\":\"https:\/\/megagrawww.com\/#website\",\"url\":\"https:\/\/megagrawww.com\/\",\"name\":\"MEGAGRAWWW\",\"description\":\"Cr\\u00e9ation de bijoux en porcelaine\",\"publisher\":{\"@id\":\"https:\/\/megagrawww.com\/#\/schema\/person\/0278d8a82bfbea6605a2b97d8603bf52\"},\"potentialAction\":[{\"@type\":\"SearchAction\",\"target\":\"https:\/\/megagrawww.com\/?s={search_term_string}\",\"query-input\":\"required name=search_term_string\"}],\"inLanguage\":\"fr-FR\"},{\"@type\":\"ImageObject\",\"@id\":\"https:\/\/megagrawww.com\/index.php\/produit\/cheque-cadeau-100-euros\/#primaryimage\",\"inLanguage\":\"fr-FR\",\"url\":\"https:\/\/megagrawww.com\/wp-content\/uploads\/2019\/12\/1cheque.png\",\"width\":1800,\"height\":1200},{\"@type\":\"WebPage\",\"@id\":\"https:\/\/megagrawww.com\/index.php\/produit\/cheque-cadeau-100-euros\/#webpage\",\"url\":\"https:\/\/megagrawww.com\/index.php\/produit\/cheque-cadeau-100-euros\/\",\"name\":\"Ch\\u00e8que Cadeau - 100 euros &ndash; MEGAGRAWWW\",\"isPartOf\":{\"@id\":\"https:\/\/megagrawww.com\/#website\"},\"primaryImageOfPage\":{\"@id\":\"https:\/\/megagrawww.com\/index.php\/produit\/cheque-cadeau-100-euros\/#primaryimage\"},\"datePublished\":\"2019-12-19T21:28:18+00:00\",\"dateModified\":\"2025-10-16T10:05:30+00:00\",\"inLanguage\":\"fr-FR\",\"potentialAction\":[{\"@type\":\"ReadAction\",\"target\":[\"https:\/\/megagrawww.com\/index.php\/produit\/cheque-cadeau-100-euros\/\"]}]}]}<\/script>\n<!-- \/ Yoast SEO plugin. -->","jetpack_sharing_enabled":true,"_links":{"self":[{"href":"https:\/\/megagrawww.com\/index.php\/wp-json\/wp\/v2\/product\/3391","targetHints":{"allow":["GET"]}}],"collection":[{"href":"https:\/\/megagrawww.com\/index.php\/wp-json\/wp\/v2\/product"}],"about":[{"href":"https:\/\/megagrawww.com\/index.php\/wp-json\/wp\/v2\/types\/product"}],"wp:featuredmedia":[{"embeddable":true,"href":"https:\/\/megagrawww.com\/index.php\/wp-json\/wp\/v2\/media\/3383"}],"wp:attachment":[{"href":"https:\/\/megagrawww.com\/index.php\/wp-json\/wp\/v2\/media?parent=3391"}],"wp:term":[{"taxonomy":"product_brand","embeddable":true,"href":"https:\/\/megagrawww.com\/index.php\/wp-json\/wp\/v2\/product_brand?post=3391"},{"taxonomy":"product_cat","embeddable":true,"href":"https:\/\/megagrawww.com\/index.php\/wp-json\/wp\/v2\/product_cat?post=3391"},{"taxonomy":"product_tag","embeddable":true,"href":"https:\/\/megagrawww.com\/index.php\/wp-json\/wp\/v2\/product_tag?post=3391"}],"curies":[{"name":"wp","href":"https:\/\/api.w.org\/{rel}","templated":true}]}}