{"id":148616,"date":"2026-02-05T18:40:40","date_gmt":"2026-02-05T17:40:40","guid":{"rendered":"https:\/\/megagrawww.com\/?post_type=product&#038;p=148616"},"modified":"2026-02-05T18:40:58","modified_gmt":"2026-02-05T17:40:58","slug":"bijou-en-mega-promo-343","status":"publish","type":"product","link":"https:\/\/megagrawww.com\/index.php\/produit\/bijou-en-mega-promo-343\/","title":{"rendered":"BIJOU EN MEGA PROMO !"},"content":{"rendered":"<p>Bijou en m\u00e9tal orn\u00e9 d\u2019un cam\u00e9e de 4 x 3 cm, imprim\u00e9 artisanalement par mes soins.<br data-start=\"197\" data-end=\"200\" \/>Il b\u00e9n\u00e9ficie d\u2019un prix r\u00e9duit en raison de son anciennet\u00e9 ou de l\u00e9gers d\u00e9fauts.<br data-start=\"315\" data-end=\"318\" data-is-only-node=\"\" \/>Le bijou exp\u00e9di\u00e9 est exactement celui pr\u00e9sent\u00e9 sur la photo !<\/p>\n","protected":false},"excerpt":{"rendered":"<p>Bijou en m\u00e9tal orn\u00e9 d\u2019un cam\u00e9e de 4 x 3 cm, imprim\u00e9 artisanalement par mes soins.Il b\u00e9n\u00e9ficie d\u2019un prix r\u00e9duit en raison de son anciennet\u00e9 ou de l\u00e9gers d\u00e9fauts.Le bijou exp\u00e9di\u00e9 est exactement celui pr\u00e9sent\u00e9 sur la photo !<\/p>\n","protected":false},"featured_media":148583,"template":"","meta":{"_exactmetrics_skip_tracking":false,"_exactmetrics_sitenote_active":false,"_exactmetrics_sitenote_note":"","_exactmetrics_sitenote_category":0},"product_brand":[],"product_cat":[107],"product_tag":[],"class_list":{"0":"post-148616","1":"product","2":"type-product","3":"status-publish","4":"has-post-thumbnail","6":"product_cat-megapromo","8":"first","9":"instock","10":"sale","11":"sold-individually","12":"shipping-taxable","13":"purchasable","14":"product-type-simple"},"yoast_head":"<!-- This site is optimized with the Yoast SEO plugin v15.7 - https:\/\/yoast.com\/wordpress\/plugins\/seo\/ -->\n<title>BIJOU EN MEGA PROMO ! &ndash; MEGAGRAWWW<\/title>\n<meta name=\"robots\" content=\"index, follow, max-snippet:-1, max-image-preview:large, max-video-preview:-1\" \/>\n<link rel=\"canonical\" href=\"https:\/\/megagrawww.com\/index.php\/produit\/bijou-en-mega-promo-343\/\" \/>\n<meta property=\"og:locale\" content=\"fr_FR\" \/>\n<meta property=\"og:type\" content=\"article\" \/>\n<meta property=\"og:title\" content=\"BIJOU EN MEGA PROMO ! &ndash; MEGAGRAWWW\" \/>\n<meta property=\"og:description\" content=\"Bijou en m\u00e9tal orn\u00e9 d\u2019un cam\u00e9e de 4 x 3 cm, imprim\u00e9 artisanalement par mes soins.Il b\u00e9n\u00e9ficie d\u2019un prix r\u00e9duit en raison de son anciennet\u00e9 ou de l\u00e9gers d\u00e9fauts.Le bijou exp\u00e9di\u00e9 est exactement celui pr\u00e9sent\u00e9 sur la photo !\" \/>\n<meta property=\"og:url\" content=\"https:\/\/megagrawww.com\/index.php\/produit\/bijou-en-mega-promo-343\/\" \/>\n<meta property=\"og:site_name\" content=\"MEGAGRAWWW\" \/>\n<meta property=\"article:modified_time\" content=\"2026-02-05T17:40:58+00:00\" \/>\n<meta property=\"og:image\" content=\"https:\/\/megagrawww.com\/wp-content\/uploads\/2026\/02\/8-eurosIMG_5818.jpg\" \/>\n\t<meta property=\"og:image:width\" content=\"1200\" \/>\n\t<meta property=\"og:image:height\" content=\"1200\" \/>\n<meta name=\"twitter:card\" content=\"summary_large_image\" \/>\n<meta name=\"twitter:label1\" content=\"Dur\u00e9e de lecture est.\">\n\t<meta name=\"twitter:data1\" content=\"1 minute\">\n<script type=\"application\/ld+json\" class=\"yoast-schema-graph\">{\"@context\":\"https:\/\/schema.org\",\"@graph\":[{\"@type\":[\"Person\",\"Organization\"],\"@id\":\"https:\/\/megagrawww.com\/#\/schema\/person\/0278d8a82bfbea6605a2b97d8603bf52\",\"name\":\"Audrey Masson\",\"image\":{\"@type\":\"ImageObject\",\"@id\":\"https:\/\/megagrawww.com\/#personlogo\",\"inLanguage\":\"fr-FR\",\"url\":\"https:\/\/secure.gravatar.com\/avatar\/927b85c0b45b84bb4d4f7b1b2f1afa94d0e9c29cc34c955a6784753d35cb8135?s=96&d=mm&r=g\",\"caption\":\"Audrey Masson\"},\"logo\":{\"@id\":\"https:\/\/megagrawww.com\/#personlogo\"}},{\"@type\":\"WebSite\",\"@id\":\"https:\/\/megagrawww.com\/#website\",\"url\":\"https:\/\/megagrawww.com\/\",\"name\":\"MEGAGRAWWW\",\"description\":\"Cr\\u00e9ation de bijoux en porcelaine\",\"publisher\":{\"@id\":\"https:\/\/megagrawww.com\/#\/schema\/person\/0278d8a82bfbea6605a2b97d8603bf52\"},\"potentialAction\":[{\"@type\":\"SearchAction\",\"target\":\"https:\/\/megagrawww.com\/?s={search_term_string}\",\"query-input\":\"required name=search_term_string\"}],\"inLanguage\":\"fr-FR\"},{\"@type\":\"ImageObject\",\"@id\":\"https:\/\/megagrawww.com\/index.php\/produit\/bijou-en-mega-promo-343\/#primaryimage\",\"inLanguage\":\"fr-FR\",\"url\":\"https:\/\/megagrawww.com\/wp-content\/uploads\/2026\/02\/8-eurosIMG_5818.jpg\",\"width\":1200,\"height\":1200},{\"@type\":\"WebPage\",\"@id\":\"https:\/\/megagrawww.com\/index.php\/produit\/bijou-en-mega-promo-343\/#webpage\",\"url\":\"https:\/\/megagrawww.com\/index.php\/produit\/bijou-en-mega-promo-343\/\",\"name\":\"BIJOU EN MEGA PROMO ! &ndash; MEGAGRAWWW\",\"isPartOf\":{\"@id\":\"https:\/\/megagrawww.com\/#website\"},\"primaryImageOfPage\":{\"@id\":\"https:\/\/megagrawww.com\/index.php\/produit\/bijou-en-mega-promo-343\/#primaryimage\"},\"datePublished\":\"2026-02-05T17:40:40+00:00\",\"dateModified\":\"2026-02-05T17:40:58+00:00\",\"inLanguage\":\"fr-FR\",\"potentialAction\":[{\"@type\":\"ReadAction\",\"target\":[\"https:\/\/megagrawww.com\/index.php\/produit\/bijou-en-mega-promo-343\/\"]}]}]}<\/script>\n<!-- \/ Yoast SEO plugin. -->","jetpack_sharing_enabled":true,"_links":{"self":[{"href":"https:\/\/megagrawww.com\/index.php\/wp-json\/wp\/v2\/product\/148616","targetHints":{"allow":["GET"]}}],"collection":[{"href":"https:\/\/megagrawww.com\/index.php\/wp-json\/wp\/v2\/product"}],"about":[{"href":"https:\/\/megagrawww.com\/index.php\/wp-json\/wp\/v2\/types\/product"}],"wp:featuredmedia":[{"embeddable":true,"href":"https:\/\/megagrawww.com\/index.php\/wp-json\/wp\/v2\/media\/148583"}],"wp:attachment":[{"href":"https:\/\/megagrawww.com\/index.php\/wp-json\/wp\/v2\/media?parent=148616"}],"wp:term":[{"taxonomy":"product_brand","embeddable":true,"href":"https:\/\/megagrawww.com\/index.php\/wp-json\/wp\/v2\/product_brand?post=148616"},{"taxonomy":"product_cat","embeddable":true,"href":"https:\/\/megagrawww.com\/index.php\/wp-json\/wp\/v2\/product_cat?post=148616"},{"taxonomy":"product_tag","embeddable":true,"href":"https:\/\/megagrawww.com\/index.php\/wp-json\/wp\/v2\/product_tag?post=148616"}],"curies":[{"name":"wp","href":"https:\/\/api.w.org\/{rel}","templated":true}]}}