{"id":147365,"date":"2025-12-22T13:07:12","date_gmt":"2025-12-22T12:07:12","guid":{"rendered":"https:\/\/megagrawww.com\/?post_type=product&#038;p=147365"},"modified":"2025-12-22T13:11:42","modified_gmt":"2025-12-22T12:11:42","slug":"bon-cadeau-20e","status":"publish","type":"product","link":"https:\/\/megagrawww.com\/index.php\/produit\/bon-cadeau-20e\/","title":{"rendered":"BON CADEAU 100\u20ac"},"content":{"rendered":"<p data-start=\"109\" data-end=\"186\">Parce que le plus beau des cadeaux, c\u2019est celui qu\u2019on choisit soi-m\u00eame.<\/p>\n<p data-start=\"193\" data-end=\"257\">Voici un bon de 100\u20ac pour se faire plaisir sur le site MegaGrawww.<\/p>\n<p data-start=\"264\" data-end=\"308\">Des pi\u00e8ces uniques \u00e0 choisir librement.<\/p>\n<p>Vous recevrez un PDF par mail dans les 24h avec le bon cadeau comprenant un code \u00e0 utiliser sur le site MegaGrawww.com valable 12 mois.<\/p>\n","protected":false},"excerpt":{"rendered":"<p>Parce que le plus beau des cadeaux, c\u2019est celui qu\u2019on choisit soi-m\u00eame. Voici un bon de 100\u20ac pour se faire plaisir sur le site MegaGrawww. Des pi\u00e8ces uniques \u00e0 choisir librement. Vous recevrez un PDF par mail dans les 24h avec le bon cadeau comprenant un code \u00e0 utiliser sur le site MegaGrawww.com valable 12<\/p><\/div>\n<div class=\"blog-btn\"><a href=\"https:\/\/megagrawww.com\/index.php\/produit\/bon-cadeau-20e\/\" class=\"home-blog-btn\">Lire la suite<\/a><\/p>\n","protected":false},"featured_media":147369,"template":"","meta":{"_exactmetrics_skip_tracking":false,"_exactmetrics_sitenote_active":false,"_exactmetrics_sitenote_note":"","_exactmetrics_sitenote_category":0},"product_brand":[],"product_cat":[231,198],"product_tag":[],"class_list":{"0":"post-147365","1":"product","2":"type-product","3":"status-publish","4":"has-post-thumbnail","6":"product_cat-bons-cadeaux","7":"product_cat-modele","9":"first","10":"instock","11":"virtual","12":"taxable","13":"purchasable","14":"product-type-simple"},"yoast_head":"<!-- This site is optimized with the Yoast SEO plugin v15.7 - https:\/\/yoast.com\/wordpress\/plugins\/seo\/ -->\n<title>BON CADEAU 100\u20ac &ndash; MEGAGRAWWW<\/title>\n<meta name=\"robots\" content=\"index, follow, max-snippet:-1, max-image-preview:large, max-video-preview:-1\" \/>\n<link rel=\"canonical\" href=\"https:\/\/megagrawww.com\/index.php\/produit\/bon-cadeau-20e\/\" \/>\n<meta property=\"og:locale\" content=\"fr_FR\" \/>\n<meta property=\"og:type\" content=\"article\" \/>\n<meta property=\"og:title\" content=\"BON CADEAU 100\u20ac &ndash; MEGAGRAWWW\" \/>\n<meta property=\"og:description\" content=\"Parce que le plus beau des cadeaux, c\u2019est celui qu\u2019on choisit soi-m\u00eame. Voici un bon de 100\u20ac pour se faire plaisir sur le site MegaGrawww. Des pi\u00e8ces uniques \u00e0 choisir librement. Vous recevrez un PDF par mail dans les 24h avec le bon cadeau comprenant un code \u00e0 utiliser sur le site MegaGrawww.com valable 12Lire la suite\" \/>\n<meta property=\"og:url\" content=\"https:\/\/megagrawww.com\/index.php\/produit\/bon-cadeau-20e\/\" \/>\n<meta property=\"og:site_name\" content=\"MEGAGRAWWW\" \/>\n<meta property=\"article:modified_time\" content=\"2025-12-22T12:11:42+00:00\" \/>\n<meta property=\"og:image\" content=\"https:\/\/megagrawww.com\/wp-content\/uploads\/2025\/12\/4.png\" \/>\n\t<meta property=\"og:image:width\" content=\"2185\" \/>\n\t<meta property=\"og:image:height\" content=\"1550\" \/>\n<meta name=\"twitter:card\" content=\"summary_large_image\" \/>\n<script type=\"application\/ld+json\" class=\"yoast-schema-graph\">{\"@context\":\"https:\/\/schema.org\",\"@graph\":[{\"@type\":[\"Person\",\"Organization\"],\"@id\":\"https:\/\/megagrawww.com\/#\/schema\/person\/0278d8a82bfbea6605a2b97d8603bf52\",\"name\":\"Audrey Masson\",\"image\":{\"@type\":\"ImageObject\",\"@id\":\"https:\/\/megagrawww.com\/#personlogo\",\"inLanguage\":\"fr-FR\",\"url\":\"https:\/\/secure.gravatar.com\/avatar\/927b85c0b45b84bb4d4f7b1b2f1afa94d0e9c29cc34c955a6784753d35cb8135?s=96&d=mm&r=g\",\"caption\":\"Audrey Masson\"},\"logo\":{\"@id\":\"https:\/\/megagrawww.com\/#personlogo\"}},{\"@type\":\"WebSite\",\"@id\":\"https:\/\/megagrawww.com\/#website\",\"url\":\"https:\/\/megagrawww.com\/\",\"name\":\"MEGAGRAWWW\",\"description\":\"Cr\\u00e9ation de bijoux en porcelaine\",\"publisher\":{\"@id\":\"https:\/\/megagrawww.com\/#\/schema\/person\/0278d8a82bfbea6605a2b97d8603bf52\"},\"potentialAction\":[{\"@type\":\"SearchAction\",\"target\":\"https:\/\/megagrawww.com\/?s={search_term_string}\",\"query-input\":\"required name=search_term_string\"}],\"inLanguage\":\"fr-FR\"},{\"@type\":\"ImageObject\",\"@id\":\"https:\/\/megagrawww.com\/index.php\/produit\/bon-cadeau-20e\/#primaryimage\",\"inLanguage\":\"fr-FR\",\"url\":\"https:\/\/megagrawww.com\/wp-content\/uploads\/2025\/12\/4.png\",\"width\":2185,\"height\":1550},{\"@type\":\"WebPage\",\"@id\":\"https:\/\/megagrawww.com\/index.php\/produit\/bon-cadeau-20e\/#webpage\",\"url\":\"https:\/\/megagrawww.com\/index.php\/produit\/bon-cadeau-20e\/\",\"name\":\"BON CADEAU 100\\u20ac &ndash; MEGAGRAWWW\",\"isPartOf\":{\"@id\":\"https:\/\/megagrawww.com\/#website\"},\"primaryImageOfPage\":{\"@id\":\"https:\/\/megagrawww.com\/index.php\/produit\/bon-cadeau-20e\/#primaryimage\"},\"datePublished\":\"2025-12-22T12:07:12+00:00\",\"dateModified\":\"2025-12-22T12:11:42+00:00\",\"inLanguage\":\"fr-FR\",\"potentialAction\":[{\"@type\":\"ReadAction\",\"target\":[\"https:\/\/megagrawww.com\/index.php\/produit\/bon-cadeau-20e\/\"]}]}]}<\/script>\n<!-- \/ Yoast SEO plugin. -->","jetpack_sharing_enabled":true,"_links":{"self":[{"href":"https:\/\/megagrawww.com\/index.php\/wp-json\/wp\/v2\/product\/147365","targetHints":{"allow":["GET"]}}],"collection":[{"href":"https:\/\/megagrawww.com\/index.php\/wp-json\/wp\/v2\/product"}],"about":[{"href":"https:\/\/megagrawww.com\/index.php\/wp-json\/wp\/v2\/types\/product"}],"wp:featuredmedia":[{"embeddable":true,"href":"https:\/\/megagrawww.com\/index.php\/wp-json\/wp\/v2\/media\/147369"}],"wp:attachment":[{"href":"https:\/\/megagrawww.com\/index.php\/wp-json\/wp\/v2\/media?parent=147365"}],"wp:term":[{"taxonomy":"product_brand","embeddable":true,"href":"https:\/\/megagrawww.com\/index.php\/wp-json\/wp\/v2\/product_brand?post=147365"},{"taxonomy":"product_cat","embeddable":true,"href":"https:\/\/megagrawww.com\/index.php\/wp-json\/wp\/v2\/product_cat?post=147365"},{"taxonomy":"product_tag","embeddable":true,"href":"https:\/\/megagrawww.com\/index.php\/wp-json\/wp\/v2\/product_tag?post=147365"}],"curies":[{"name":"wp","href":"https:\/\/api.w.org\/{rel}","templated":true}]}}