{"id":147306,"date":"2025-12-17T20:05:32","date_gmt":"2025-12-17T19:05:32","guid":{"rendered":"https:\/\/megagrawww.com\/?post_type=product&#038;p=147306"},"modified":"2025-12-17T20:06:03","modified_gmt":"2025-12-17T19:06:03","slug":"collier-camee-resine-8","status":"publish","type":"product","link":"https:\/\/megagrawww.com\/index.php\/produit\/collier-camee-resine-8\/","title":{"rendered":"COLLIER CAMEE RESINE"},"content":{"rendered":"<p>Pendentif en m\u00e9tal mont\u00e9 d&#8217;un cam\u00e9e en R\u00c9SINE (4cm*3cm).<br \/>\nCollier chainette \u00e0 billes de 77cm (Vous avez la possibilit\u00e9 de le raccourcir en coupant des billes).<br \/>\nLes cam\u00e9es r\u00e9sines sont parfois patin\u00e9s par mes soins \u00e0 la peinture afin de faire ressortir les reliefs.<\/p>\n","protected":false},"excerpt":{"rendered":"<p>Pendentif en m\u00e9tal mont\u00e9 d&#8217;un cam\u00e9e en R\u00c9SINE (4cm*3cm). Collier chainette \u00e0 billes de 77cm (Vous avez la possibilit\u00e9 de le raccourcir en coupant des billes). Les cam\u00e9es r\u00e9sines sont parfois patin\u00e9s par mes soins \u00e0 la peinture afin de faire ressortir les reliefs.<\/p>\n","protected":false},"featured_media":147290,"template":"","meta":{"_exactmetrics_skip_tracking":false,"_exactmetrics_sitenote_active":false,"_exactmetrics_sitenote_note":"","_exactmetrics_sitenote_category":0},"product_brand":[],"product_cat":[35,223,198,224,220],"product_tag":[],"class_list":{"0":"post-147306","1":"product","2":"type-product","3":"status-publish","4":"has-post-thumbnail","6":"product_cat-colliers","7":"product_cat-dark","8":"product_cat-modele","9":"product_cat-resine","10":"product_cat-style","12":"first","13":"instock","14":"sold-individually","15":"shipping-taxable","16":"purchasable","17":"product-type-simple"},"yoast_head":"<!-- This site is optimized with the Yoast SEO plugin v15.7 - https:\/\/yoast.com\/wordpress\/plugins\/seo\/ -->\n<title>COLLIER CAMEE RESINE &ndash; MEGAGRAWWW<\/title>\n<meta name=\"robots\" content=\"index, follow, max-snippet:-1, max-image-preview:large, max-video-preview:-1\" \/>\n<link rel=\"canonical\" href=\"https:\/\/megagrawww.com\/index.php\/produit\/collier-camee-resine-8\/\" \/>\n<meta property=\"og:locale\" content=\"fr_FR\" \/>\n<meta property=\"og:type\" content=\"article\" \/>\n<meta property=\"og:title\" content=\"COLLIER CAMEE RESINE &ndash; MEGAGRAWWW\" \/>\n<meta property=\"og:description\" content=\"Pendentif en m\u00e9tal mont\u00e9 d&#8217;un cam\u00e9e en R\u00c9SINE (4cm*3cm). Collier chainette \u00e0 billes de 77cm (Vous avez la possibilit\u00e9 de le raccourcir en coupant des billes). Les cam\u00e9es r\u00e9sines sont parfois patin\u00e9s par mes soins \u00e0 la peinture afin de faire ressortir les reliefs.\" \/>\n<meta property=\"og:url\" content=\"https:\/\/megagrawww.com\/index.php\/produit\/collier-camee-resine-8\/\" \/>\n<meta property=\"og:site_name\" content=\"MEGAGRAWWW\" \/>\n<meta property=\"article:modified_time\" content=\"2025-12-17T19:06:03+00:00\" \/>\n<meta property=\"og:image\" content=\"https:\/\/megagrawww.com\/wp-content\/uploads\/2025\/12\/ResineIMG_4544.jpg\" \/>\n\t<meta property=\"og:image:width\" content=\"1200\" \/>\n\t<meta property=\"og:image:height\" content=\"1200\" \/>\n<meta name=\"twitter:card\" content=\"summary_large_image\" \/>\n<meta name=\"twitter:label1\" content=\"Dur\u00e9e de lecture est.\">\n\t<meta name=\"twitter:data1\" content=\"1 minute\">\n<script type=\"application\/ld+json\" class=\"yoast-schema-graph\">{\"@context\":\"https:\/\/schema.org\",\"@graph\":[{\"@type\":[\"Person\",\"Organization\"],\"@id\":\"https:\/\/megagrawww.com\/#\/schema\/person\/0278d8a82bfbea6605a2b97d8603bf52\",\"name\":\"Audrey Masson\",\"image\":{\"@type\":\"ImageObject\",\"@id\":\"https:\/\/megagrawww.com\/#personlogo\",\"inLanguage\":\"fr-FR\",\"url\":\"https:\/\/secure.gravatar.com\/avatar\/927b85c0b45b84bb4d4f7b1b2f1afa94d0e9c29cc34c955a6784753d35cb8135?s=96&d=mm&r=g\",\"caption\":\"Audrey Masson\"},\"logo\":{\"@id\":\"https:\/\/megagrawww.com\/#personlogo\"}},{\"@type\":\"WebSite\",\"@id\":\"https:\/\/megagrawww.com\/#website\",\"url\":\"https:\/\/megagrawww.com\/\",\"name\":\"MEGAGRAWWW\",\"description\":\"Cr\\u00e9ation de bijoux en porcelaine\",\"publisher\":{\"@id\":\"https:\/\/megagrawww.com\/#\/schema\/person\/0278d8a82bfbea6605a2b97d8603bf52\"},\"potentialAction\":[{\"@type\":\"SearchAction\",\"target\":\"https:\/\/megagrawww.com\/?s={search_term_string}\",\"query-input\":\"required name=search_term_string\"}],\"inLanguage\":\"fr-FR\"},{\"@type\":\"ImageObject\",\"@id\":\"https:\/\/megagrawww.com\/index.php\/produit\/collier-camee-resine-8\/#primaryimage\",\"inLanguage\":\"fr-FR\",\"url\":\"https:\/\/megagrawww.com\/wp-content\/uploads\/2025\/12\/ResineIMG_4544.jpg\",\"width\":1200,\"height\":1200},{\"@type\":\"WebPage\",\"@id\":\"https:\/\/megagrawww.com\/index.php\/produit\/collier-camee-resine-8\/#webpage\",\"url\":\"https:\/\/megagrawww.com\/index.php\/produit\/collier-camee-resine-8\/\",\"name\":\"COLLIER CAMEE RESINE &ndash; MEGAGRAWWW\",\"isPartOf\":{\"@id\":\"https:\/\/megagrawww.com\/#website\"},\"primaryImageOfPage\":{\"@id\":\"https:\/\/megagrawww.com\/index.php\/produit\/collier-camee-resine-8\/#primaryimage\"},\"datePublished\":\"2025-12-17T19:05:32+00:00\",\"dateModified\":\"2025-12-17T19:06:03+00:00\",\"inLanguage\":\"fr-FR\",\"potentialAction\":[{\"@type\":\"ReadAction\",\"target\":[\"https:\/\/megagrawww.com\/index.php\/produit\/collier-camee-resine-8\/\"]}]}]}<\/script>\n<!-- \/ Yoast SEO plugin. -->","jetpack_sharing_enabled":true,"_links":{"self":[{"href":"https:\/\/megagrawww.com\/index.php\/wp-json\/wp\/v2\/product\/147306","targetHints":{"allow":["GET"]}}],"collection":[{"href":"https:\/\/megagrawww.com\/index.php\/wp-json\/wp\/v2\/product"}],"about":[{"href":"https:\/\/megagrawww.com\/index.php\/wp-json\/wp\/v2\/types\/product"}],"wp:featuredmedia":[{"embeddable":true,"href":"https:\/\/megagrawww.com\/index.php\/wp-json\/wp\/v2\/media\/147290"}],"wp:attachment":[{"href":"https:\/\/megagrawww.com\/index.php\/wp-json\/wp\/v2\/media?parent=147306"}],"wp:term":[{"taxonomy":"product_brand","embeddable":true,"href":"https:\/\/megagrawww.com\/index.php\/wp-json\/wp\/v2\/product_brand?post=147306"},{"taxonomy":"product_cat","embeddable":true,"href":"https:\/\/megagrawww.com\/index.php\/wp-json\/wp\/v2\/product_cat?post=147306"},{"taxonomy":"product_tag","embeddable":true,"href":"https:\/\/megagrawww.com\/index.php\/wp-json\/wp\/v2\/product_tag?post=147306"}],"curies":[{"name":"wp","href":"https:\/\/api.w.org\/{rel}","templated":true}]}}