{"id":142737,"date":"2025-10-15T13:02:48","date_gmt":"2025-10-15T11:02:48","guid":{"rendered":"https:\/\/megagrawww.com\/?post_type=product&#038;p=142737"},"modified":"2025-10-15T13:02:48","modified_gmt":"2025-10-15T11:02:48","slug":"collier-fred-bertoli-3","status":"publish","type":"product","link":"https:\/\/megagrawww.com\/index.php\/produit\/collier-fred-bertoli-3\/","title":{"rendered":"Collier FRED BERTOLI"},"content":{"rendered":"<p>Pendentif en m\u00e9tal mont\u00e9 d&#8217;un cam\u00e9e en c\u00e9ramique imprim\u00e9e artisanalement par mes soins.<br \/>\nCollier chainette \u00e0 billes de 77cm (Vous avez la possibilit\u00e9 de le raccourcir en coupant des billes).<br \/>\nIllustration par le talentueux artiste tatoueur FRED BERTOLI.<br \/>\nN&#8217;h\u00e9sitez pas \u00e0 d\u00e9couvrir son art sur son <a href=\"https:\/\/www.instagram.com\/fred.bertoli\/\">compte instagram<\/a> !<br \/>\nPi\u00e8ce unique.<\/p>\n","protected":false},"excerpt":{"rendered":"<p>Pendentif en m\u00e9tal mont\u00e9 d&#8217;un cam\u00e9e en c\u00e9ramique imprim\u00e9e artisanalement par mes soins. Collier chainette \u00e0 billes de 77cm (Vous avez la possibilit\u00e9 de le raccourcir en coupant des billes). Illustration par le talentueux artiste tatoueur FRED BERTOLI. N&#8217;h\u00e9sitez pas \u00e0 d\u00e9couvrir son art sur son compte instagram ! Pi\u00e8ce unique.<\/p>\n","protected":false},"featured_media":142698,"template":"","meta":{"_exactmetrics_skip_tracking":false,"_exactmetrics_sitenote_active":false,"_exactmetrics_sitenote_note":"","_exactmetrics_sitenote_category":0},"product_brand":[],"product_cat":[41,35,192],"product_tag":[],"class_list":{"0":"post-142737","1":"product","2":"type-product","3":"status-publish","4":"has-post-thumbnail","6":"product_cat-artists","7":"product_cat-colliers","8":"product_cat-fred-bertoli","10":"first","11":"instock","12":"sold-individually","13":"shipping-taxable","14":"purchasable","15":"product-type-simple"},"yoast_head":"<!-- This site is optimized with the Yoast SEO plugin v15.7 - https:\/\/yoast.com\/wordpress\/plugins\/seo\/ -->\n<title>Collier FRED BERTOLI &ndash; MEGAGRAWWW<\/title>\n<meta name=\"robots\" content=\"index, follow, max-snippet:-1, max-image-preview:large, max-video-preview:-1\" \/>\n<link rel=\"canonical\" href=\"https:\/\/megagrawww.com\/index.php\/produit\/collier-fred-bertoli-3\/\" \/>\n<meta property=\"og:locale\" content=\"fr_FR\" \/>\n<meta property=\"og:type\" content=\"article\" \/>\n<meta property=\"og:title\" content=\"Collier FRED BERTOLI &ndash; MEGAGRAWWW\" \/>\n<meta property=\"og:description\" content=\"Pendentif en m\u00e9tal mont\u00e9 d&#8217;un cam\u00e9e en c\u00e9ramique imprim\u00e9e artisanalement par mes soins. Collier chainette \u00e0 billes de 77cm (Vous avez la possibilit\u00e9 de le raccourcir en coupant des billes). Illustration par le talentueux artiste tatoueur FRED BERTOLI. N&#8217;h\u00e9sitez pas \u00e0 d\u00e9couvrir son art sur son compte instagram ! Pi\u00e8ce unique.\" \/>\n<meta property=\"og:url\" content=\"https:\/\/megagrawww.com\/index.php\/produit\/collier-fred-bertoli-3\/\" \/>\n<meta property=\"og:site_name\" content=\"MEGAGRAWWW\" \/>\n<meta property=\"og:image\" content=\"https:\/\/megagrawww.com\/wp-content\/uploads\/2025\/10\/Colliers-Tattoo-FredBertoliIMG_1857.jpg\" \/>\n\t<meta property=\"og:image:width\" content=\"1500\" \/>\n\t<meta property=\"og:image:height\" content=\"1500\" \/>\n<meta name=\"twitter:card\" content=\"summary_large_image\" \/>\n<script type=\"application\/ld+json\" class=\"yoast-schema-graph\">{\"@context\":\"https:\/\/schema.org\",\"@graph\":[{\"@type\":[\"Person\",\"Organization\"],\"@id\":\"https:\/\/megagrawww.com\/#\/schema\/person\/0278d8a82bfbea6605a2b97d8603bf52\",\"name\":\"Audrey Masson\",\"image\":{\"@type\":\"ImageObject\",\"@id\":\"https:\/\/megagrawww.com\/#personlogo\",\"inLanguage\":\"fr-FR\",\"url\":\"https:\/\/secure.gravatar.com\/avatar\/927b85c0b45b84bb4d4f7b1b2f1afa94d0e9c29cc34c955a6784753d35cb8135?s=96&d=mm&r=g\",\"caption\":\"Audrey Masson\"},\"logo\":{\"@id\":\"https:\/\/megagrawww.com\/#personlogo\"}},{\"@type\":\"WebSite\",\"@id\":\"https:\/\/megagrawww.com\/#website\",\"url\":\"https:\/\/megagrawww.com\/\",\"name\":\"MEGAGRAWWW\",\"description\":\"Cr\\u00e9ation de bijoux en porcelaine\",\"publisher\":{\"@id\":\"https:\/\/megagrawww.com\/#\/schema\/person\/0278d8a82bfbea6605a2b97d8603bf52\"},\"potentialAction\":[{\"@type\":\"SearchAction\",\"target\":\"https:\/\/megagrawww.com\/?s={search_term_string}\",\"query-input\":\"required name=search_term_string\"}],\"inLanguage\":\"fr-FR\"},{\"@type\":\"ImageObject\",\"@id\":\"https:\/\/megagrawww.com\/index.php\/produit\/collier-fred-bertoli-3\/#primaryimage\",\"inLanguage\":\"fr-FR\",\"url\":\"https:\/\/megagrawww.com\/wp-content\/uploads\/2025\/10\/Colliers-Tattoo-FredBertoliIMG_1857.jpg\",\"width\":1500,\"height\":1500},{\"@type\":\"WebPage\",\"@id\":\"https:\/\/megagrawww.com\/index.php\/produit\/collier-fred-bertoli-3\/#webpage\",\"url\":\"https:\/\/megagrawww.com\/index.php\/produit\/collier-fred-bertoli-3\/\",\"name\":\"Collier FRED BERTOLI &ndash; MEGAGRAWWW\",\"isPartOf\":{\"@id\":\"https:\/\/megagrawww.com\/#website\"},\"primaryImageOfPage\":{\"@id\":\"https:\/\/megagrawww.com\/index.php\/produit\/collier-fred-bertoli-3\/#primaryimage\"},\"datePublished\":\"2025-10-15T11:02:48+00:00\",\"dateModified\":\"2025-10-15T11:02:48+00:00\",\"inLanguage\":\"fr-FR\",\"potentialAction\":[{\"@type\":\"ReadAction\",\"target\":[\"https:\/\/megagrawww.com\/index.php\/produit\/collier-fred-bertoli-3\/\"]}]}]}<\/script>\n<!-- \/ Yoast SEO plugin. -->","jetpack_sharing_enabled":true,"_links":{"self":[{"href":"https:\/\/megagrawww.com\/index.php\/wp-json\/wp\/v2\/product\/142737","targetHints":{"allow":["GET"]}}],"collection":[{"href":"https:\/\/megagrawww.com\/index.php\/wp-json\/wp\/v2\/product"}],"about":[{"href":"https:\/\/megagrawww.com\/index.php\/wp-json\/wp\/v2\/types\/product"}],"wp:featuredmedia":[{"embeddable":true,"href":"https:\/\/megagrawww.com\/index.php\/wp-json\/wp\/v2\/media\/142698"}],"wp:attachment":[{"href":"https:\/\/megagrawww.com\/index.php\/wp-json\/wp\/v2\/media?parent=142737"}],"wp:term":[{"taxonomy":"product_brand","embeddable":true,"href":"https:\/\/megagrawww.com\/index.php\/wp-json\/wp\/v2\/product_brand?post=142737"},{"taxonomy":"product_cat","embeddable":true,"href":"https:\/\/megagrawww.com\/index.php\/wp-json\/wp\/v2\/product_cat?post=142737"},{"taxonomy":"product_tag","embeddable":true,"href":"https:\/\/megagrawww.com\/index.php\/wp-json\/wp\/v2\/product_tag?post=142737"}],"curies":[{"name":"wp","href":"https:\/\/api.w.org\/{rel}","templated":true}]}}