{"id":143,"date":"2019-02-24T14:37:34","date_gmt":"2019-02-24T13:37:34","guid":{"rendered":"http:\/\/megagrawww.com\/?page_id=143"},"modified":"2026-03-24T18:01:56","modified_gmt":"2026-03-24T17:01:56","slug":"welcome-home","status":"publish","type":"page","link":"https:\/\/megagrawww.com\/","title":{"rendered":"WELCOME HOME !"},"content":{"rendered":"\n<div class=\"wp-block-columns is-layout-flex wp-container-core-columns-is-layout-9d6595d7 wp-block-columns-is-layout-flex\">\n<div class=\"wp-block-column is-layout-flow wp-block-column-is-layout-flow\"><h4 class=\"fonts-plugin-block \" style=\"font-size: 24px;line-height: 1.1;text-align: center\">POUR TOUTE COMMANDE, FRAIS DE PORT GRATUIT D<strong>\u00c8<\/strong>S 49\u20ac D&#8217;ACHATS !<br><\/h4>\n\n\n<figure class=\"wp-block-image size-full\"><a href=\"https:\/\/megagrawww.com\/index.php\/categorie-produit\/megapromo\/\"><img loading=\"lazy\" decoding=\"async\" width=\"1080\" height=\"1350\" src=\"https:\/\/megagrawww.com\/wp-content\/uploads\/2026\/01\/Green-and-Neon-Bold-Dynamic-Sale-Promotion-Instagram-Post-1.png\" alt=\"\" class=\"wp-image-147795\" srcset=\"https:\/\/megagrawww.com\/wp-content\/uploads\/2026\/01\/Green-and-Neon-Bold-Dynamic-Sale-Promotion-Instagram-Post-1.png 1080w, https:\/\/megagrawww.com\/wp-content\/uploads\/2026\/01\/Green-and-Neon-Bold-Dynamic-Sale-Promotion-Instagram-Post-1-240x300.png 240w\" sizes=\"auto, (max-width: 1080px) 100vw, 1080px\" \/><\/a><\/figure>\n<\/div>\n<\/div>\n\n\n\n<figure class=\"wp-block-video\"><video autoplay loop muted src=\"https:\/\/megagrawww.com\/wp-content\/uploads\/2025\/10\/DIPARAMA-BANNIERE-1.mov\" playsinline><\/video><\/figure>\n","protected":false},"excerpt":{"rendered":"","protected":false},"author":1,"featured_media":0,"parent":0,"menu_order":0,"comment_status":"closed","ping_status":"closed","template":"","meta":{"_exactmetrics_skip_tracking":false,"_exactmetrics_sitenote_active":false,"_exactmetrics_sitenote_note":"","_exactmetrics_sitenote_category":0,"footnotes":""},"class_list":["post-143","page","type-page","status-publish","hentry"],"yoast_head":"<!-- This site is optimized with the Yoast SEO plugin v15.7 - https:\/\/yoast.com\/wordpress\/plugins\/seo\/ -->\n<title>WELCOME HOME ! &ndash; MEGAGRAWWW Cr\u00e9ations<\/title>\n<meta name=\"description\" content=\"MegaGrawww Cr\u00e9ations est une marque de bijoux fran\u00e7aise. Colliers, broches et autres accessoires fait main, venez-vite d\u00e9couvrir les nouveaut\u00e9s !\" \/>\n<meta name=\"robots\" content=\"index, follow, max-snippet:-1, max-image-preview:large, max-video-preview:-1\" \/>\n<link rel=\"canonical\" href=\"https:\/\/megagrawww.com\/\" \/>\n<meta property=\"og:locale\" content=\"fr_FR\" \/>\n<meta property=\"og:type\" content=\"article\" \/>\n<meta property=\"og:title\" content=\"WELCOME HOME ! &ndash; MEGAGRAWWW Cr\u00e9ations\" \/>\n<meta property=\"og:description\" content=\"MegaGrawww Cr\u00e9ations est une marque de bijoux fran\u00e7aise. Colliers, broches et autres accessoires fait main, venez-vite d\u00e9couvrir les nouveaut\u00e9s !\" \/>\n<meta property=\"og:url\" content=\"https:\/\/megagrawww.com\/\" \/>\n<meta property=\"og:site_name\" content=\"MEGAGRAWWW\" \/>\n<meta property=\"article:modified_time\" content=\"2026-03-24T17:01:56+00:00\" \/>\n<meta property=\"og:image\" content=\"https:\/\/megagrawww.com\/wp-content\/uploads\/2026\/01\/Green-and-Neon-Bold-Dynamic-Sale-Promotion-Instagram-Post-1.png\" \/>\n<meta name=\"twitter:card\" content=\"summary_large_image\" \/>\n<meta name=\"twitter:label1\" content=\"Dur\u00e9e de lecture est.\">\n\t<meta name=\"twitter:data1\" content=\"1 minute\">\n<script type=\"application\/ld+json\" class=\"yoast-schema-graph\">{\"@context\":\"https:\/\/schema.org\",\"@graph\":[{\"@type\":[\"Person\",\"Organization\"],\"@id\":\"https:\/\/megagrawww.com\/#\/schema\/person\/0278d8a82bfbea6605a2b97d8603bf52\",\"name\":\"Audrey Masson\",\"image\":{\"@type\":\"ImageObject\",\"@id\":\"https:\/\/megagrawww.com\/#personlogo\",\"inLanguage\":\"fr-FR\",\"url\":\"https:\/\/secure.gravatar.com\/avatar\/927b85c0b45b84bb4d4f7b1b2f1afa94d0e9c29cc34c955a6784753d35cb8135?s=96&d=mm&r=g\",\"caption\":\"Audrey Masson\"},\"logo\":{\"@id\":\"https:\/\/megagrawww.com\/#personlogo\"}},{\"@type\":\"WebSite\",\"@id\":\"https:\/\/megagrawww.com\/#website\",\"url\":\"https:\/\/megagrawww.com\/\",\"name\":\"MEGAGRAWWW\",\"description\":\"Cr\\u00e9ation de bijoux en porcelaine\",\"publisher\":{\"@id\":\"https:\/\/megagrawww.com\/#\/schema\/person\/0278d8a82bfbea6605a2b97d8603bf52\"},\"potentialAction\":[{\"@type\":\"SearchAction\",\"target\":\"https:\/\/megagrawww.com\/?s={search_term_string}\",\"query-input\":\"required name=search_term_string\"}],\"inLanguage\":\"fr-FR\"},{\"@type\":\"ImageObject\",\"@id\":\"https:\/\/megagrawww.com\/#primaryimage\",\"inLanguage\":\"fr-FR\",\"url\":\"https:\/\/megagrawww.com\/wp-content\/uploads\/2026\/01\/Green-and-Neon-Bold-Dynamic-Sale-Promotion-Instagram-Post-1.png\",\"width\":1080,\"height\":1350},{\"@type\":\"WebPage\",\"@id\":\"https:\/\/megagrawww.com\/#webpage\",\"url\":\"https:\/\/megagrawww.com\/\",\"name\":\"WELCOME HOME ! &ndash; MEGAGRAWWW Cr\\u00e9ations\",\"isPartOf\":{\"@id\":\"https:\/\/megagrawww.com\/#website\"},\"primaryImageOfPage\":{\"@id\":\"https:\/\/megagrawww.com\/#primaryimage\"},\"datePublished\":\"2019-02-24T13:37:34+00:00\",\"dateModified\":\"2026-03-24T17:01:56+00:00\",\"description\":\"MegaGrawww Cr\\u00e9ations est une marque de bijoux fran\\u00e7aise. Colliers, broches et autres accessoires fait main, venez-vite d\\u00e9couvrir les nouveaut\\u00e9s !\",\"inLanguage\":\"fr-FR\",\"potentialAction\":[{\"@type\":\"ReadAction\",\"target\":[\"https:\/\/megagrawww.com\/\"]}]}]}<\/script>\n<!-- \/ Yoast SEO plugin. -->","jetpack_sharing_enabled":true,"_links":{"self":[{"href":"https:\/\/megagrawww.com\/index.php\/wp-json\/wp\/v2\/pages\/143","targetHints":{"allow":["GET"]}}],"collection":[{"href":"https:\/\/megagrawww.com\/index.php\/wp-json\/wp\/v2\/pages"}],"about":[{"href":"https:\/\/megagrawww.com\/index.php\/wp-json\/wp\/v2\/types\/page"}],"author":[{"embeddable":true,"href":"https:\/\/megagrawww.com\/index.php\/wp-json\/wp\/v2\/users\/1"}],"replies":[{"embeddable":true,"href":"https:\/\/megagrawww.com\/index.php\/wp-json\/wp\/v2\/comments?post=143"}],"version-history":[{"count":73,"href":"https:\/\/megagrawww.com\/index.php\/wp-json\/wp\/v2\/pages\/143\/revisions"}],"predecessor-version":[{"id":149026,"href":"https:\/\/megagrawww.com\/index.php\/wp-json\/wp\/v2\/pages\/143\/revisions\/149026"}],"wp:attachment":[{"href":"https:\/\/megagrawww.com\/index.php\/wp-json\/wp\/v2\/media?parent=143"}],"curies":[{"name":"wp","href":"https:\/\/api.w.org\/{rel}","templated":true}]}}