{"id":142580,"date":"2025-10-11T14:57:31","date_gmt":"2025-10-11T12:57:31","guid":{"rendered":"https:\/\/megagrawww.com\/?page_id=142580"},"modified":"2025-10-11T15:21:03","modified_gmt":"2025-10-11T13:21:03","slug":"politiques-de-confidentialite","status":"publish","type":"page","link":"https:\/\/megagrawww.com\/index.php\/politiques-de-confidentialite\/","title":{"rendered":"POLITIQUE DE CONFIDENTIALITE"},"content":{"rendered":"<p class=\"fonts-plugin-block \" style=\"font-family: Francois One;font-size: 18px;line-height: 1.5\">Devant le d\u00e9veloppement des nouveaux outils de communication, il est n\u00e9cessaire de porter une attention particuli\u00e8re \u00e0 la protection de la vie priv\u00e9e. C&#8217;est pourquoi, nous nous engageons \u00e0 respecter la confidentialit\u00e9 des renseignements personnels que nous collectons.<br><br>Collecte des renseignements personnels<br>Nous collectons les renseignements suivants :<br>Nom, pr\u00e9nom, adresse postale, code postal, adresse \u00e9lectronique, num\u00e9ro de t\u00e9l\u00e9phone \/ t\u00e9l\u00e9copieur, num\u00e9ro de carte de cr\u00e9dit, genre \/ Sexe, \u00e2ge \/ Date de naissance.<br>Les renseignements personnels que nous collectons sont recueillis au travers de formulaires et gr\u00e2ce \u00e0 l&#8217;interactivit\u00e9 \u00e9tablie entre vous et notre site Web. Nous utilisons \u00e9galement, comme indiqu\u00e9 dans la section suivante, des fichiers t\u00e9moins et\/ou journaux pour r\u00e9unir des informations vous concernant.<br><br>Formulaires et interactivit\u00e9 :<br>Vos renseignements personnels sont collect\u00e9s par le biais de formulaire, \u00e0 savoir :<br>Formulaire d&#8217;inscription au site Web<br>Formulaire de commande<br><br>Nous utilisons les renseignements ainsi collect\u00e9s pour les finalit\u00e9s suivantes :<br>Suivi de la commande<br>Informations \/ Offres promotionnelles<br>Contact<br><br>Vos renseignements sont \u00e9galement collect\u00e9s par le biais de l&#8217;interactivit\u00e9 pouvant s&#8217;\u00e9tablir entre vous et notre site Web et ce, de la fa\u00e7on suivante:<br>Contact<br><br>Nous utilisons les renseignements ainsi collect\u00e9s pour les finalit\u00e9s suivantes :<br>Informations ou pour des offres promotionnelles<br><br>Droit d&#8217;opposition et de retrait<br>Nous nous engageons \u00e0 vous offrir un droit d&#8217;opposition et de retrait quant \u00e0 vos renseignements personnels.<br>Le droit d&#8217;opposition s&#8217;entend comme \u00e9tant la possiblit\u00e9 offerte aux internautes de refuser que leurs renseignements personnels soient utilis\u00e9es \u00e0 certaines fins mentionn\u00e9es lors de la collecte.<br>Le droit de retrait s&#8217;entend comme \u00e9tant la possiblit\u00e9 offerte aux internautes de demander \u00e0 ce que leurs renseignements personnels ne figurent plus, par exemple, dans une liste de diffusion.<br>Pour pouvoir exercer ces droits, vous pouvez :\u00a0<br>Adresse : 23 impasse des oliviers, 84450 Saint-Saturnin-l\u00e8s-Avignon<br>Courriel : megagrawww@gmail.com<br>T\u00e9l\u00e9phone : 0661610496<br>Section du site web : https:\/\/megagrawww.com\/<br><br>Droit d&#8217;acc\u00e8s<br>Nous nous engageons \u00e0 reconna\u00eetre un droit d&#8217;acc\u00e8s et de rectification aux personnes concern\u00e9es d\u00e9sireuses de consulter, modifier, voire radier les informations les concernant.<br>L&#8217;exercice de ce droit se fera :<br>Adresse : 23 impasse des oliviers, 84450 Saint-Saturnin-l\u00e8s-Avignon<br>Courriel : megagrawww@gmail.com<br>T\u00e9l\u00e9phone : 0661610496<br>Section du site web : https:\/\/megagrawww.com\/<br><br>L\u00e9gislation<br>Nous nous engageons \u00e0 respecter les dispositions l\u00e9gislatives \u00e9nonc\u00e9es dans la\u00a0RGP.<\/p>\n\n\n<p><\/p>\n","protected":false},"excerpt":{"rendered":"","protected":false},"author":1,"featured_media":0,"parent":0,"menu_order":0,"comment_status":"closed","ping_status":"closed","template":"","meta":{"_exactmetrics_skip_tracking":false,"_exactmetrics_sitenote_active":false,"_exactmetrics_sitenote_note":"","_exactmetrics_sitenote_category":0,"footnotes":""},"class_list":["post-142580","page","type-page","status-publish","hentry"],"yoast_head":"<!-- This site is optimized with the Yoast SEO plugin v15.7 - https:\/\/yoast.com\/wordpress\/plugins\/seo\/ -->\n<title>POLITIQUE DE CONFIDENTIALITE &ndash; MEGAGRAWWW<\/title>\n<meta name=\"robots\" content=\"index, follow, max-snippet:-1, max-image-preview:large, max-video-preview:-1\" \/>\n<link rel=\"canonical\" href=\"https:\/\/megagrawww.com\/index.php\/politiques-de-confidentialite\/\" \/>\n<meta property=\"og:locale\" content=\"fr_FR\" \/>\n<meta property=\"og:type\" content=\"article\" \/>\n<meta property=\"og:title\" content=\"POLITIQUE DE CONFIDENTIALITE &ndash; MEGAGRAWWW\" \/>\n<meta property=\"og:url\" content=\"https:\/\/megagrawww.com\/index.php\/politiques-de-confidentialite\/\" \/>\n<meta property=\"og:site_name\" content=\"MEGAGRAWWW\" \/>\n<meta property=\"article:modified_time\" content=\"2025-10-11T13:21:03+00:00\" \/>\n<meta name=\"twitter:card\" content=\"summary_large_image\" \/>\n<script type=\"application\/ld+json\" class=\"yoast-schema-graph\">{\"@context\":\"https:\/\/schema.org\",\"@graph\":[{\"@type\":[\"Person\",\"Organization\"],\"@id\":\"https:\/\/megagrawww.com\/#\/schema\/person\/0278d8a82bfbea6605a2b97d8603bf52\",\"name\":\"Audrey Masson\",\"image\":{\"@type\":\"ImageObject\",\"@id\":\"https:\/\/megagrawww.com\/#personlogo\",\"inLanguage\":\"fr-FR\",\"url\":\"https:\/\/secure.gravatar.com\/avatar\/927b85c0b45b84bb4d4f7b1b2f1afa94d0e9c29cc34c955a6784753d35cb8135?s=96&d=mm&r=g\",\"caption\":\"Audrey Masson\"},\"logo\":{\"@id\":\"https:\/\/megagrawww.com\/#personlogo\"}},{\"@type\":\"WebSite\",\"@id\":\"https:\/\/megagrawww.com\/#website\",\"url\":\"https:\/\/megagrawww.com\/\",\"name\":\"MEGAGRAWWW\",\"description\":\"Cr\\u00e9ation de bijoux en porcelaine\",\"publisher\":{\"@id\":\"https:\/\/megagrawww.com\/#\/schema\/person\/0278d8a82bfbea6605a2b97d8603bf52\"},\"potentialAction\":[{\"@type\":\"SearchAction\",\"target\":\"https:\/\/megagrawww.com\/?s={search_term_string}\",\"query-input\":\"required name=search_term_string\"}],\"inLanguage\":\"fr-FR\"},{\"@type\":\"WebPage\",\"@id\":\"https:\/\/megagrawww.com\/index.php\/politiques-de-confidentialite\/#webpage\",\"url\":\"https:\/\/megagrawww.com\/index.php\/politiques-de-confidentialite\/\",\"name\":\"POLITIQUE DE CONFIDENTIALITE &ndash; MEGAGRAWWW\",\"isPartOf\":{\"@id\":\"https:\/\/megagrawww.com\/#website\"},\"datePublished\":\"2025-10-11T12:57:31+00:00\",\"dateModified\":\"2025-10-11T13:21:03+00:00\",\"inLanguage\":\"fr-FR\",\"potentialAction\":[{\"@type\":\"ReadAction\",\"target\":[\"https:\/\/megagrawww.com\/index.php\/politiques-de-confidentialite\/\"]}]}]}<\/script>\n<!-- \/ Yoast SEO plugin. -->","jetpack_sharing_enabled":true,"_links":{"self":[{"href":"https:\/\/megagrawww.com\/index.php\/wp-json\/wp\/v2\/pages\/142580","targetHints":{"allow":["GET"]}}],"collection":[{"href":"https:\/\/megagrawww.com\/index.php\/wp-json\/wp\/v2\/pages"}],"about":[{"href":"https:\/\/megagrawww.com\/index.php\/wp-json\/wp\/v2\/types\/page"}],"author":[{"embeddable":true,"href":"https:\/\/megagrawww.com\/index.php\/wp-json\/wp\/v2\/users\/1"}],"replies":[{"embeddable":true,"href":"https:\/\/megagrawww.com\/index.php\/wp-json\/wp\/v2\/comments?post=142580"}],"version-history":[{"count":3,"href":"https:\/\/megagrawww.com\/index.php\/wp-json\/wp\/v2\/pages\/142580\/revisions"}],"predecessor-version":[{"id":142595,"href":"https:\/\/megagrawww.com\/index.php\/wp-json\/wp\/v2\/pages\/142580\/revisions\/142595"}],"wp:attachment":[{"href":"https:\/\/megagrawww.com\/index.php\/wp-json\/wp\/v2\/media?parent=142580"}],"curies":[{"name":"wp","href":"https:\/\/api.w.org\/{rel}","templated":true}]}}