{"id":142578,"date":"2025-10-11T14:51:07","date_gmt":"2025-10-11T12:51:07","guid":{"rendered":"https:\/\/megagrawww.com\/?page_id=142578"},"modified":"2025-10-11T15:20:11","modified_gmt":"2025-10-11T13:20:11","slug":"conditions-generales-de-ventes","status":"publish","type":"page","link":"https:\/\/megagrawww.com\/index.php\/conditions-generales-de-ventes\/","title":{"rendered":"CONDITIONS GENERALES DE VENTE"},"content":{"rendered":"<p class=\"fonts-plugin-block \" style=\"font-family: Francois One;font-size: 20px;line-height: 1.5\">Ce site internet a \u00e9t\u00e9 r\u00e9alis\u00e9 en utilisant la solution open-source WordPress\u2122<br><br><strong>Les conditions de ventes<\/strong><br>Les pr\u00e9sentes conditions de vente sont conclues entre RuBy-e \u2013 Megagrawww (pseudonyme d&#8217;usage pour la personne physique Audrey Masson cr\u00e9atrice de la marque MEGAGRAWWW pour l&#8217;entreprise SIGA SIGA) et toute personne physique ou morale souhaitant proc\u00e9der \u00e0 un achat via le site Internet https:\/\/www.megagrawww.com d\u00e9nomm\u00e9e ci-apr\u00e8s \u201d l\u2019acheteur \u201c.<br><br><strong>Objet<\/strong><br>Les pr\u00e9sentes conditions de vente visent \u00e0 d\u00e9finir les relations contractuelles entre RuBy-e \u2013 Megagrawww et l\u2019acheteur et les conditions applicables \u00e0 tout achat effectu\u00e9 par le biais du site marchand de RuBy-e \u2013 Megagrawww, que l\u2019acheteur soit professionnel ou consommateur. L\u2019acquisition d\u2019un bien ou d\u2019un service \u00e0 travers le pr\u00e9sent site implique une acceptation sans r\u00e9serve par l\u2019acheteur des pr\u00e9sentes conditions de vente. Ces conditions de vente pr\u00e9vaudront sur toutes autres conditions g\u00e9n\u00e9rales ou particuli\u00e8res non express\u00e9ment agr\u00e9\u00e9es par RuBy-e \u2013 Megagrawww, RuBy-e \u2013 Megagrawww se r\u00e9serve de pouvoir modifier ses conditions de vente \u00e0 tout moment. Dans ce cas, les conditions applicables seront celles en vigueur \u00e0 la date de la commande par l\u2019acheteur.<br><strong>Caract\u00e9ristiques des biens et services propos\u00e9s<\/strong><br>Les produits et services offerts sont ceux qui figurent dans le catalogue publi\u00e9 dans le site de RuBy-e \u2013 Megagrawww. Ces produits et services sont offerts dans la limite des stocks disponibles. Les photographies du catalogue sont les plus fid\u00e8les possibles mais ne peuvent assurer une similitude parfaite avec le produit offert, notamment en ce qui concerne les couleurs.<br><br><strong>Tarifs<\/strong><br>Les prix figurant dans le catalogue sont des prix TTC en euro tenant compte de la TVA applicable au jour de la commande; tout changement du taux pourra \u00eatre r\u00e9percut\u00e9 sur le prix des produits ou des services. RuBy-e \u2013 Megagrawww se r\u00e9serve de modifier ses prix \u00e0 tout moment, \u00e9tant toutefois entendu que le prix figurant au catalogue le jour de la commande sera le seul applicable \u00e0 l\u2019acheteur.<br><br><strong>Aire g\u00e9ographique<\/strong><br>La vente en ligne des produits et services pr\u00e9sent\u00e9s dans le site est r\u00e9serv\u00e9e aux acheteurs qui r\u00e9sident en France, dans les Dom-Tom ou \u00e0 Monaco et pour des livraisons requises dans ces zones g\u00e9ographiques.<br><br><strong>Commandes<\/strong><br>L\u2019acheteur, qui souhaite acheter un produit ou un service doit obligatoirement : \u2013 remplir la fiche d\u2019identification sur laquelle il indiquera toutes les coordonn\u00e9es demand\u00e9es ou donner son num\u00e9ro de client s\u2019il en a un; \u2013 remplir le bon de commande en ligne en donnant toutes les r\u00e9f\u00e9rences des produits ou services choisis; \u2013 valider sa commande apr\u00e8s l\u2019avoir v\u00e9rifi\u00e9e; \u2013 effectuer le paiement dans les conditions pr\u00e9vues; \u2013 confirmer sa commande et son r\u00e8glement. La confirmation de la commande entra\u00eene acceptation des pr\u00e9sentes conditions de vente, la reconnaissance d\u2019en avoir parfaite connaissance et la renonciation \u00e0 se pr\u00e9valoir de ses propres conditions d\u2019achat ou d\u2019autres conditions. L\u2019ensemble des donn\u00e9es fournies et la confirmation enregistr\u00e9e vaudront preuve de la transaction. La confirmation vaudra signature et acceptation des op\u00e9rations effectu\u00e9es. Le vendeur communiquera par courrier \u00e9lectronique confirmation de la commande enregistr\u00e9e.<br><br><strong>R\u00e9tractation<\/strong><br>Les acheteurs, personnes physiques non professionnelles, b\u00e9n\u00e9ficient d\u2019un d\u00e9lai de r\u00e9tractation de sept jours \u00e0 compter de la livraison de leur commande pour faire retour du produit au vendeur pour \u00e9change ou remboursement sans p\u00e9nalit\u00e9, \u00e0 l\u2019exception des frais de retour.<br><br><strong>Modalit\u00e9s de paiement<\/strong><br>Le prix est exigible \u00e0 la commande. Les paiements seront effectu\u00e9s par Paypal SSL (Secure Socket Layer) de telle sorte que les informations transmises sont crypt\u00e9es par un logiciel et qu\u2019aucun tiers ne peut en prendre connaissance au cours du transport sur le r\u00e9seau ou bien par virement bancaire.<br>\u00c0 la demande de l\u2019acheteur, il lui sera adress\u00e9e une facture sur papier avec une TVA \u00e0 0%, l&#8217;entreprise SIGA SIGA \u00e9tant non assujettie \u00e0 la TVA.<br><br><strong>Livraisons<\/strong><br>Les livraisons sont faites \u00e0 l\u2019adresse indiqu\u00e9e dans le bon de commande qui ne peut \u00eatre que dans la zone g\u00e9ographique convenue. Les risques sont \u00e0 la charge de l\u2019acqu\u00e9reur \u00e0 compter du moment o\u00f9 les produits ont quitt\u00e9 les locaux de RuBy-e \u2013 Megagrawww. En cas de dommage pendant le transport, la protestation motiv\u00e9e doit \u00eatre formul\u00e9e aupr\u00e8s du transporteur dans un d\u00e9lai de trois jours \u00e0 compter de la livraison. Les d\u00e9lais de livraison ne sont donn\u00e9s qu\u2019\u00e0 titre indicatif; si ceux-ci d\u00e9passent trente jours \u00e0 compter de la commande, le contrat de vente pourra \u00eatre r\u00e9sili\u00e9 et l\u2019acheteur rembours\u00e9.<br><br><strong>Garantie<\/strong><br>Tous les produits fournis par le vendeur b\u00e9n\u00e9ficient de la garantie l\u00e9gale pr\u00e9vue par les articles 1641 et suivants du Code civil. En cas de non conformit\u00e9 d\u2019un produit vendu, il pourra \u00eatre retourn\u00e9 au vendeur qui le reprendra, l\u2019\u00e9changera ou le remboursera. Toutes les r\u00e9clamations, demandes d\u2019\u00e9change ou de remboursement doivent s\u2019effectuer par mail \u00e0 megagrawww@gmail.com<br><br><strong>Responsabilit\u00e9<\/strong><br>Le vendeur, dans le processus de vente en ligne, n\u2019est tenu que par une obligation de moyens ; sa responsabilit\u00e9 ne pourra \u00eatre engag\u00e9e pour un dommage r\u00e9sultant de l\u2019utilisation du r\u00e9seau Internet tel que perte de donn\u00e9es, intrusion, virus, rupture du service, ou autres probl\u00e8mes involontaires.<br><br><strong>Propri\u00e9t\u00e9 intellectuelle<\/strong><br>Tous les \u00e9l\u00e9ments du site de RuBy-e \u2013 Megagrawww sont et restent la propri\u00e9t\u00e9 intellectuelle et exclusive de RuBy-e \u2013 Megagrawww. Personne n\u2019est autoris\u00e9 \u00e0 reproduire, exploiter, rediffuser, ou utiliser \u00e0 quelque titre que ce soit, m\u00eame partiellement, des \u00e9l\u00e9ments du site qu\u2019ils soient logiciels, visuels ou sonores.<br><br><strong>Donn\u00e9es \u00e0 caract\u00e8re personnel<\/strong><br>Conform\u00e9ment \u00e0 la loi relative \u00e0 l\u2019informatique, aux fichiers et aux libert\u00e9s du 6 janvier 1978, les informations \u00e0 caract\u00e8re nominatif relatives aux acheteurs pourront faire l\u2019objet d\u2019un traitement automatis\u00e9. Les acheteurs peuvent s\u2019opposer \u00e0 la divulgation de leurs coordonn\u00e9es en le signalant \u00e0 RuBy-e \u2013 Megagrawww. De m\u00eame, les utilisateurs disposent d\u2019un droit d\u2019acc\u00e8s et de rectification des donn\u00e9es les concernant, conform\u00e9ment \u00e0 la loi du 6 janvier 1978.<br><br><strong>Archivage \u2013 Preuve<\/strong><br>RuBy-e \u2013 Megagrawww archivera les bons de commandes et les factures sur un support fiable et durable constituant une copie fid\u00e8le conform\u00e9ment aux dispositions de l\u2019article 1348 du Code civil. Les registres informatis\u00e9s de RuBy-e \u2013 Megagrawww seront consid\u00e9r\u00e9s par les parties comme preuve des communications, commandes, paiements et transactions intervenus entre les parties.<br><br><strong>R\u00e8glement des litiges<\/strong><br>Les pr\u00e9sentes conditions de vente en ligne sont soumises \u00e0 la loi fran\u00e7aise. En cas de litige, comp\u00e9tence est attribu\u00e9e aux tribunaux comp\u00e9tents de Paris, nonobstant pluralit\u00e9 de d\u00e9fendeurs ou appel en garantie.<br><strong>Si\u00e8ge social :<\/strong> 60 RUE FRAN\u00c7OIS IER 75008 PARIS<\/p>\n\n\n<p><\/p>\n","protected":false},"excerpt":{"rendered":"","protected":false},"author":1,"featured_media":0,"parent":0,"menu_order":0,"comment_status":"closed","ping_status":"closed","template":"","meta":{"_exactmetrics_skip_tracking":false,"_exactmetrics_sitenote_active":false,"_exactmetrics_sitenote_note":"","_exactmetrics_sitenote_category":0,"footnotes":""},"class_list":["post-142578","page","type-page","status-publish","hentry"],"yoast_head":"<!-- This site is optimized with the Yoast SEO plugin v15.7 - https:\/\/yoast.com\/wordpress\/plugins\/seo\/ -->\n<title>CONDITIONS GENERALES DE VENTE &ndash; MEGAGRAWWW<\/title>\n<meta name=\"robots\" content=\"index, follow, max-snippet:-1, max-image-preview:large, max-video-preview:-1\" \/>\n<link rel=\"canonical\" href=\"https:\/\/megagrawww.com\/index.php\/conditions-generales-de-ventes\/\" \/>\n<meta property=\"og:locale\" content=\"fr_FR\" \/>\n<meta property=\"og:type\" content=\"article\" \/>\n<meta property=\"og:title\" content=\"CONDITIONS GENERALES DE VENTE &ndash; MEGAGRAWWW\" \/>\n<meta property=\"og:url\" content=\"https:\/\/megagrawww.com\/index.php\/conditions-generales-de-ventes\/\" \/>\n<meta property=\"og:site_name\" content=\"MEGAGRAWWW\" \/>\n<meta property=\"article:modified_time\" content=\"2025-10-11T13:20:11+00:00\" \/>\n<meta name=\"twitter:card\" content=\"summary_large_image\" \/>\n<script type=\"application\/ld+json\" class=\"yoast-schema-graph\">{\"@context\":\"https:\/\/schema.org\",\"@graph\":[{\"@type\":[\"Person\",\"Organization\"],\"@id\":\"https:\/\/megagrawww.com\/#\/schema\/person\/0278d8a82bfbea6605a2b97d8603bf52\",\"name\":\"Audrey Masson\",\"image\":{\"@type\":\"ImageObject\",\"@id\":\"https:\/\/megagrawww.com\/#personlogo\",\"inLanguage\":\"fr-FR\",\"url\":\"https:\/\/secure.gravatar.com\/avatar\/927b85c0b45b84bb4d4f7b1b2f1afa94d0e9c29cc34c955a6784753d35cb8135?s=96&d=mm&r=g\",\"caption\":\"Audrey Masson\"},\"logo\":{\"@id\":\"https:\/\/megagrawww.com\/#personlogo\"}},{\"@type\":\"WebSite\",\"@id\":\"https:\/\/megagrawww.com\/#website\",\"url\":\"https:\/\/megagrawww.com\/\",\"name\":\"MEGAGRAWWW\",\"description\":\"Cr\\u00e9ation de bijoux en porcelaine\",\"publisher\":{\"@id\":\"https:\/\/megagrawww.com\/#\/schema\/person\/0278d8a82bfbea6605a2b97d8603bf52\"},\"potentialAction\":[{\"@type\":\"SearchAction\",\"target\":\"https:\/\/megagrawww.com\/?s={search_term_string}\",\"query-input\":\"required name=search_term_string\"}],\"inLanguage\":\"fr-FR\"},{\"@type\":\"WebPage\",\"@id\":\"https:\/\/megagrawww.com\/index.php\/conditions-generales-de-ventes\/#webpage\",\"url\":\"https:\/\/megagrawww.com\/index.php\/conditions-generales-de-ventes\/\",\"name\":\"CONDITIONS GENERALES DE VENTE &ndash; MEGAGRAWWW\",\"isPartOf\":{\"@id\":\"https:\/\/megagrawww.com\/#website\"},\"datePublished\":\"2025-10-11T12:51:07+00:00\",\"dateModified\":\"2025-10-11T13:20:11+00:00\",\"inLanguage\":\"fr-FR\",\"potentialAction\":[{\"@type\":\"ReadAction\",\"target\":[\"https:\/\/megagrawww.com\/index.php\/conditions-generales-de-ventes\/\"]}]}]}<\/script>\n<!-- \/ Yoast SEO plugin. -->","jetpack_sharing_enabled":true,"_links":{"self":[{"href":"https:\/\/megagrawww.com\/index.php\/wp-json\/wp\/v2\/pages\/142578","targetHints":{"allow":["GET"]}}],"collection":[{"href":"https:\/\/megagrawww.com\/index.php\/wp-json\/wp\/v2\/pages"}],"about":[{"href":"https:\/\/megagrawww.com\/index.php\/wp-json\/wp\/v2\/types\/page"}],"author":[{"embeddable":true,"href":"https:\/\/megagrawww.com\/index.php\/wp-json\/wp\/v2\/users\/1"}],"replies":[{"embeddable":true,"href":"https:\/\/megagrawww.com\/index.php\/wp-json\/wp\/v2\/comments?post=142578"}],"version-history":[{"count":6,"href":"https:\/\/megagrawww.com\/index.php\/wp-json\/wp\/v2\/pages\/142578\/revisions"}],"predecessor-version":[{"id":142594,"href":"https:\/\/megagrawww.com\/index.php\/wp-json\/wp\/v2\/pages\/142578\/revisions\/142594"}],"wp:attachment":[{"href":"https:\/\/megagrawww.com\/index.php\/wp-json\/wp\/v2\/media?parent=142578"}],"curies":[{"name":"wp","href":"https:\/\/api.w.org\/{rel}","templated":true}]}}