{"id":142569,"date":"2025-10-11T14:27:37","date_gmt":"2025-10-11T12:27:37","guid":{"rendered":"https:\/\/megagrawww.com\/?page_id=142569"},"modified":"2025-10-21T12:24:57","modified_gmt":"2025-10-21T10:24:57","slug":"mentions-legales-2","status":"publish","type":"page","link":"https:\/\/megagrawww.com\/index.php\/mentions-legales-2\/","title":{"rendered":"MENTIONS L\u00c9GALES &#038; CONTACT"},"content":{"rendered":"<p class=\"fonts-plugin-block \" style=\"font-family: Francois One;font-size: 20px;line-height: 1.5\">&#8220;RuBy-e &#8211; MegaGrawww&#8221; est le pseudonyme d&#8217;usage pour la personne physique Audrey Masson cr\u00e9atrice de la marque MEGAGRAWWW pour l&#8217;entreprise SIGA SIGA.<\/p>\n\n\n<hr class=\"wp-block-separator\"\/>\n\n\n<p class=\"fonts-plugin-block \" style=\"font-family: Francois One;font-size: 20px;line-height: 1.5\"><strong>Si\u00e8ge social :<\/strong> 60 RUE FRAN\u00c7OIS IER 75008 PARIS<br><strong>T\u00e9l\u00e9phone :<\/strong> +33 (0)6 61 61 04 96<br><strong>E-mail :<\/strong> megagrawww@gmail.com<br><strong>Adresse internet :<\/strong> www.megagrawww.com<br><strong>SIRET :<\/strong> 94146213700014<br><strong>Activit\u00e9 :<\/strong>\u00a0 Cr\u00e9ation de bijoux fantaisie<br><strong>APE :<\/strong> 3213Z<br>Assurance Responsabilit\u00e9 Civile Professionnelle :<br>MAIF &#8211; Assurance RC PRO &#8211; Contrat n\u00b0 8227849A<br><strong>D\u00e9veloppement et Int\u00e9gration Web :<\/strong> Nicolas Masson<br><strong>Webdesign :<\/strong> Nicolas Masson &amp; RuBy-e<\/p>\n\n\n<p><\/p>\n","protected":false},"excerpt":{"rendered":"","protected":false},"author":1,"featured_media":0,"parent":0,"menu_order":0,"comment_status":"closed","ping_status":"closed","template":"","meta":{"_exactmetrics_skip_tracking":false,"_exactmetrics_sitenote_active":false,"_exactmetrics_sitenote_note":"","_exactmetrics_sitenote_category":0,"footnotes":""},"class_list":["post-142569","page","type-page","status-publish","hentry"],"yoast_head":"<!-- This site is optimized with the Yoast SEO plugin v15.7 - https:\/\/yoast.com\/wordpress\/plugins\/seo\/ -->\n<title>MENTIONS L\u00c9GALES &amp; CONTACT &ndash; MEGAGRAWWW<\/title>\n<meta name=\"robots\" content=\"index, follow, max-snippet:-1, max-image-preview:large, max-video-preview:-1\" \/>\n<link rel=\"canonical\" href=\"https:\/\/megagrawww.com\/index.php\/mentions-legales-2\/\" \/>\n<meta property=\"og:locale\" content=\"fr_FR\" \/>\n<meta property=\"og:type\" content=\"article\" \/>\n<meta property=\"og:title\" content=\"MENTIONS L\u00c9GALES &amp; CONTACT &ndash; MEGAGRAWWW\" \/>\n<meta property=\"og:url\" content=\"https:\/\/megagrawww.com\/index.php\/mentions-legales-2\/\" \/>\n<meta property=\"og:site_name\" content=\"MEGAGRAWWW\" \/>\n<meta property=\"article:modified_time\" content=\"2025-10-21T10:24:57+00:00\" \/>\n<meta name=\"twitter:card\" content=\"summary_large_image\" \/>\n<script type=\"application\/ld+json\" class=\"yoast-schema-graph\">{\"@context\":\"https:\/\/schema.org\",\"@graph\":[{\"@type\":[\"Person\",\"Organization\"],\"@id\":\"https:\/\/megagrawww.com\/#\/schema\/person\/0278d8a82bfbea6605a2b97d8603bf52\",\"name\":\"Audrey Masson\",\"image\":{\"@type\":\"ImageObject\",\"@id\":\"https:\/\/megagrawww.com\/#personlogo\",\"inLanguage\":\"fr-FR\",\"url\":\"https:\/\/secure.gravatar.com\/avatar\/927b85c0b45b84bb4d4f7b1b2f1afa94d0e9c29cc34c955a6784753d35cb8135?s=96&d=mm&r=g\",\"caption\":\"Audrey Masson\"},\"logo\":{\"@id\":\"https:\/\/megagrawww.com\/#personlogo\"}},{\"@type\":\"WebSite\",\"@id\":\"https:\/\/megagrawww.com\/#website\",\"url\":\"https:\/\/megagrawww.com\/\",\"name\":\"MEGAGRAWWW\",\"description\":\"Cr\\u00e9ation de bijoux en porcelaine\",\"publisher\":{\"@id\":\"https:\/\/megagrawww.com\/#\/schema\/person\/0278d8a82bfbea6605a2b97d8603bf52\"},\"potentialAction\":[{\"@type\":\"SearchAction\",\"target\":\"https:\/\/megagrawww.com\/?s={search_term_string}\",\"query-input\":\"required name=search_term_string\"}],\"inLanguage\":\"fr-FR\"},{\"@type\":\"WebPage\",\"@id\":\"https:\/\/megagrawww.com\/index.php\/mentions-legales-2\/#webpage\",\"url\":\"https:\/\/megagrawww.com\/index.php\/mentions-legales-2\/\",\"name\":\"MENTIONS L\\u00c9GALES & CONTACT &ndash; MEGAGRAWWW\",\"isPartOf\":{\"@id\":\"https:\/\/megagrawww.com\/#website\"},\"datePublished\":\"2025-10-11T12:27:37+00:00\",\"dateModified\":\"2025-10-21T10:24:57+00:00\",\"inLanguage\":\"fr-FR\",\"potentialAction\":[{\"@type\":\"ReadAction\",\"target\":[\"https:\/\/megagrawww.com\/index.php\/mentions-legales-2\/\"]}]}]}<\/script>\n<!-- \/ Yoast SEO plugin. -->","jetpack_sharing_enabled":true,"_links":{"self":[{"href":"https:\/\/megagrawww.com\/index.php\/wp-json\/wp\/v2\/pages\/142569","targetHints":{"allow":["GET"]}}],"collection":[{"href":"https:\/\/megagrawww.com\/index.php\/wp-json\/wp\/v2\/pages"}],"about":[{"href":"https:\/\/megagrawww.com\/index.php\/wp-json\/wp\/v2\/types\/page"}],"author":[{"embeddable":true,"href":"https:\/\/megagrawww.com\/index.php\/wp-json\/wp\/v2\/users\/1"}],"replies":[{"embeddable":true,"href":"https:\/\/megagrawww.com\/index.php\/wp-json\/wp\/v2\/comments?post=142569"}],"version-history":[{"count":4,"href":"https:\/\/megagrawww.com\/index.php\/wp-json\/wp\/v2\/pages\/142569\/revisions"}],"predecessor-version":[{"id":143318,"href":"https:\/\/megagrawww.com\/index.php\/wp-json\/wp\/v2\/pages\/142569\/revisions\/143318"}],"wp:attachment":[{"href":"https:\/\/megagrawww.com\/index.php\/wp-json\/wp\/v2\/media?parent=142569"}],"curies":[{"name":"wp","href":"https:\/\/api.w.org\/{rel}","templated":true}]}}